{"id":4398,"date":"2020-09-29T16:03:32","date_gmt":"2020-09-29T13:03:32","guid":{"rendered":"https:\/\/www.activehairclinic.com\/?page_id=4398"},"modified":"2021-02-13T20:09:10","modified_gmt":"2021-02-13T17:09:10","slug":"trapianto-di-barba-e-baffi","status":"publish","type":"page","link":"https:\/\/www.activehairclinic.com\/it\/trapianto-di-barba-e-baffi\/","title":{"rendered":"Trapianto di Barba e Baffi"},"content":{"rendered":"\t\t<div data-elementor-type=\"wp-page\" data-elementor-id=\"4398\" class=\"elementor elementor-4398\">\n\t\t\t\t\t\t<section class=\"elementor-section elementor-top-section elementor-element elementor-element-383b6b1 elementor-section-boxed elementor-section-height-default elementor-section-height-default\" data-id=\"383b6b1\" data-element_type=\"section\">\n\t\t\t\t\t\t<div class=\"elementor-container elementor-column-gap-default\">\n\t\t\t\t\t<div class=\"elementor-column elementor-col-100 elementor-top-column elementor-element elementor-element-f91336f\" data-id=\"f91336f\" data-element_type=\"column\">\n\t\t\t<div class=\"elementor-widget-wrap elementor-element-populated\">\n\t\t\t\t\t\t<section class=\"elementor-section elementor-inner-section elementor-element elementor-element-fbfc387 elementor-section-full_width elementor-section-height-default elementor-section-height-default\" data-id=\"fbfc387\" data-element_type=\"section\">\n\t\t\t\t\t\t<div class=\"elementor-container elementor-column-gap-default\">\n\t\t\t\t\t<div class=\"elementor-column elementor-col-50 elementor-inner-column elementor-element elementor-element-011dbe0\" data-id=\"011dbe0\" data-element_type=\"column\">\n\t\t\t<div class=\"elementor-widget-wrap elementor-element-populated\">\n\t\t\t\t\t\t<div class=\"elementor-element elementor-element-b961b88 elementor-widget elementor-widget-image\" data-id=\"b961b88\" data-element_type=\"widget\" data-widget_type=\"image.default\">\n\t\t\t\t<div class=\"elementor-widget-container\">\n\t\t\t\t\t\t\t\t\t\t\t\t\t\t\t<img fetchpriority=\"high\" decoding=\"async\" width=\"750\" height=\"422\" src=\"https:\/\/www.activehairclinic.com\/wp-content\/uploads\/2020\/09\/beard-mustache-planting.jpg\" class=\"attachment-large size-large wp-image-4356\" alt=\"\" srcset=\"https:\/\/www.activehairclinic.com\/wp-content\/uploads\/2020\/09\/beard-mustache-planting.jpg 750w, https:\/\/www.activehairclinic.com\/wp-content\/uploads\/2020\/09\/beard-mustache-planting-300x169.jpg 300w\" sizes=\"(max-width: 750px) 100vw, 750px\" \/>\t\t\t\t\t\t\t\t\t\t\t\t\t\t\t<\/div>\n\t\t\t\t<\/div>\n\t\t\t\t<div class=\"elementor-element elementor-element-4907bbe elementor-widget elementor-widget-text-editor\" data-id=\"4907bbe\" data-element_type=\"widget\" data-widget_type=\"text-editor.default\">\n\t\t\t\t<div class=\"elementor-widget-container\">\n\t\t\t\t\t\t\t\t\t<p><b><img decoding=\"async\" class=\"alignleft size-medium wp-image-5241\" src=\"https:\/\/www.activehairclinic.com\/wp-content\/uploads\/2021\/02\/trapianto-di-barba-287x300.png\" alt=\"\" width=\"287\" height=\"300\" \/>Trapianto di Barba e Baffi<\/b><\/p><p>Come nel trapianto di capelli, anche prima di iniziare un trapianto di barba e\/o baffi si fa un consulto dettagliato insieme al medico e dopo la pianificazione del tutto si inizia l\u2019operazione. Anche nel trapianto di barba e baffi l\u2019estrazione verr\u00e0 effettuato facendo l\u2019estrazione dalla zona donatrice della testa, per questo si acquisir\u00e0 sempre un aspetto pi\u00f9 che naturale ed il paziente avr\u00e0 un risultato folto e permanente. Il processo del trapianto di barba e baffi \u00e8 una procedura breve e pratica, ma deve essere effettuato sempre da un esperto al fine di evitare risultati indesiderati.<\/p><p><strong><span style=\"color: var( --e-global-color-text ); font-family: var( --e-global-typography-text-font-family ), Sans-serif;\">Come viene eseguito il trapianto di barba ed il trapianto di capelli?\u00a0<\/span><\/strong><\/p><p>La barba e i baffi non sono come i capelli, perch\u00e9 si pu\u00f2 trovare una densit\u00e0 molto diversa che potrebbe mostrare differenza da persona a persona. La quantit\u00e0 dei bulbi che verranno trapiantati, come nel trapianto di capelli, a seconda del diradamento della persona pu\u00f2 cambiare.<\/p><p><img decoding=\"async\" class=\"alignleft size-medium wp-image-5235\" src=\"https:\/\/www.activehairclinic.com\/wp-content\/uploads\/2021\/02\/trapianto-barba-baffi-297x300.png\" alt=\"\" width=\"297\" height=\"300\" \/><\/p><p><strong>Come avviene il processo dopo l\u2019operazione del trapianto?<\/strong><\/p><p><span style=\"color: var( --e-global-color-text ); font-family: var( --e-global-typography-text-font-family ), Sans-serif; font-weight: var( --e-global-typography-text-font-weight );\">Non ci sar\u00e0 nessun segno o incisione che sar\u00e0 visibile perch\u00e9 con le nuove tecniche utilizzate non avviene nessun tipo di taglio. Immediatamente dopo il trapianto si avr\u00e0 un aspetto rosso scuro dovuto al coagulo di sangue e questo \u00e8 dovuto solamente dall\u2019aumento del flusso sanguigno durante l\u2019operazione che \u00e8 normalissimo. L\u2019arrossamento al cuoio capelluto scomparir\u00e0 in max 2 settimane. Dopo la 2\u00b0 settimana, i bulbi trapiantati avranno una temporanea caduta shock (questa \u00e8 una fase fisiologica che deve succedere) e dopo i 3 mesi invece, inizier\u00e0 gi\u00e0 la crescita di tutti i bulbi trapiantati e si avr\u00e0 un risultato naturale, permanente e soprattutto uniforme su tutta l\u2019area dove \u00e8 stato effettuato il trapianto.<\/span><\/p>\t\t\t\t\t\t\t\t<\/div>\n\t\t\t\t<\/div>\n\t\t\t\t<div class=\"elementor-element elementor-element-3a0b942 elementor-arrows-position-inside elementor-pagination-position-outside elementor-widget elementor-widget-image-carousel\" data-id=\"3a0b942\" data-element_type=\"widget\" data-settings=\"{&quot;slides_to_show&quot;:&quot;1&quot;,&quot;navigation&quot;:&quot;both&quot;,&quot;autoplay&quot;:&quot;yes&quot;,&quot;pause_on_hover&quot;:&quot;yes&quot;,&quot;pause_on_interaction&quot;:&quot;yes&quot;,&quot;autoplay_speed&quot;:5000,&quot;infinite&quot;:&quot;yes&quot;,&quot;effect&quot;:&quot;slide&quot;,&quot;speed&quot;:500}\" data-widget_type=\"image-carousel.default\">\n\t\t\t\t<div class=\"elementor-widget-container\">\n\t\t\t\t\t\t\t<div class=\"elementor-image-carousel-wrapper swiper\" role=\"region\" aria-roledescription=\"carousel\" aria-label=\"Carosello d&#039;immagini\" dir=\"ltr\">\n\t\t\t<div class=\"elementor-image-carousel swiper-wrapper\" aria-live=\"off\">\n\t\t\t\t\t\t\t\t<div class=\"swiper-slide\" role=\"group\" aria-roledescription=\"slide\" aria-label=\"1 di 2\"><figure class=\"swiper-slide-inner\"><img decoding=\"async\" class=\"swiper-slide-image\" src=\"https:\/\/www.activehairclinic.com\/wp-content\/uploads\/2020\/09\/samuele-cenghiaro.jpg\" alt=\"samuele-cenghiaro\" \/><\/figure><\/div><div class=\"swiper-slide\" role=\"group\" aria-roledescription=\"slide\" aria-label=\"2 di 2\"><figure class=\"swiper-slide-inner\"><img decoding=\"async\" class=\"swiper-slide-image\" src=\"https:\/\/www.activehairclinic.com\/wp-content\/uploads\/2020\/09\/vincenzo-riccobono.jpg\" alt=\"vincenzo-riccobono\" \/><\/figure><\/div>\t\t\t<\/div>\n\t\t\t\t\t\t\t\t\t\t\t\t<div class=\"elementor-swiper-button elementor-swiper-button-prev\" role=\"button\" tabindex=\"0\">\n\t\t\t\t\t\t<i aria-hidden=\"true\" class=\"eicon-chevron-left\"><\/i>\t\t\t\t\t<\/div>\n\t\t\t\t\t<div class=\"elementor-swiper-button elementor-swiper-button-next\" role=\"button\" tabindex=\"0\">\n\t\t\t\t\t\t<i aria-hidden=\"true\" class=\"eicon-chevron-right\"><\/i>\t\t\t\t\t<\/div>\n\t\t\t\t\n\t\t\t\t\t\t\t\t\t<div class=\"swiper-pagination\"><\/div>\n\t\t\t\t\t\t\t\t\t<\/div>\n\t\t\t\t\t\t<\/div>\n\t\t\t\t<\/div>\n\t\t\t\t\t<\/div>\n\t\t<\/div>\n\t\t\t\t<div class=\"elementor-column elementor-col-50 elementor-inner-column elementor-element elementor-element-4a32860\" data-id=\"4a32860\" data-element_type=\"column\">\n\t\t\t<div class=\"elementor-widget-wrap elementor-element-populated\">\n\t\t\t\t\t\t<div class=\"elementor-element elementor-element-b9b2c1e elementor-widget elementor-widget-sidebar\" data-id=\"b9b2c1e\" data-element_type=\"widget\" data-widget_type=\"sidebar.default\">\n\t\t\t\t<div class=\"elementor-widget-container\">\n\t\t\t\t\t<div id=\"text-10\" class=\"widget widget_text\"><p class=\"widget-title\">Ottieni Informazioni Dettagliate<\/p>\t\t\t<div class=\"textwidget\">\n<div class=\"wpcf7 no-js\" id=\"wpcf7-f4421-o1\" lang=\"it-IT\" dir=\"ltr\" data-wpcf7-id=\"4421\">\n<div class=\"screen-reader-response\"><p role=\"status\" aria-live=\"polite\" aria-atomic=\"true\"><\/p> <ul><\/ul><\/div>\n<form action=\"\/it\/wp-json\/wp\/v2\/pages\/4398#wpcf7-f4421-o1\" method=\"post\" class=\"wpcf7-form init\" aria-label=\"Modulo di contatto\" novalidate=\"novalidate\" data-status=\"init\">\n<fieldset class=\"hidden-fields-container\"><input type=\"hidden\" name=\"_wpcf7\" value=\"4421\" \/><input type=\"hidden\" name=\"_wpcf7_version\" value=\"6.1.4\" \/><input type=\"hidden\" name=\"_wpcf7_locale\" value=\"it_IT\" \/><input type=\"hidden\" name=\"_wpcf7_unit_tag\" value=\"wpcf7-f4421-o1\" \/><input type=\"hidden\" name=\"_wpcf7_container_post\" value=\"0\" \/><input type=\"hidden\" name=\"_wpcf7_posted_data_hash\" value=\"\" \/><input type=\"hidden\" name=\"_wpcf7_recaptcha_response\" value=\"\" \/>\n<\/fieldset>\n<div class=\"sidebar-form\">\n\t<p><label><span class=\"wpcf7-form-control-wrap\" data-name=\"your-name\"><input size=\"40\" maxlength=\"400\" class=\"wpcf7-form-control wpcf7-text wpcf7-validates-as-required\" aria-required=\"true\" aria-invalid=\"false\" placeholder=\"Nome cognome *\" value=\"\" type=\"text\" name=\"your-name\" \/><\/span> <\/label>\n\t<\/p>\n\t<p><label><span class=\"wpcf7-form-control-wrap\" data-name=\"your-email\"><input size=\"40\" maxlength=\"400\" class=\"wpcf7-form-control wpcf7-email wpcf7-validates-as-required wpcf7-text wpcf7-validates-as-email\" aria-required=\"true\" aria-invalid=\"false\" placeholder=\"E-mail *\" value=\"\" type=\"email\" name=\"your-email\" \/><\/span> <\/label>\n\t<\/p>\n\t<p><label><span class=\"wpcf7-form-control-wrap\" data-name=\"tel-346\"><input size=\"40\" maxlength=\"400\" class=\"wpcf7-form-control wpcf7-tel wpcf7-validates-as-required wpcf7-text wpcf7-validates-as-tel\" aria-required=\"true\" aria-invalid=\"false\" placeholder=\"Telefono *\" value=\"\" type=\"tel\" name=\"tel-346\" \/><\/span> <\/label>\n\t<\/p>\n\t<p><label><span class=\"wpcf7-form-control-wrap\" data-name=\"your-message\"><textarea cols=\"40\" rows=\"10\" maxlength=\"2000\" class=\"wpcf7-form-control wpcf7-textarea\" aria-invalid=\"false\" placeholder=\"Messaggio\" name=\"your-message\"><\/textarea><\/span> <\/label>\n\t<\/p>\n\t<p><input class=\"wpcf7-form-control wpcf7-submit has-spinner\" type=\"submit\" value=\"Invia\" \/>\n\t<\/p>\n<\/div><p style=\"display: none !important;\" class=\"akismet-fields-container\" data-prefix=\"_wpcf7_ak_\"><label>&#916;<textarea name=\"_wpcf7_ak_hp_textarea\" cols=\"45\" rows=\"8\" maxlength=\"100\"><\/textarea><\/label><input type=\"hidden\" id=\"ak_js_1\" name=\"_wpcf7_ak_js\" value=\"38\"\/><script>document.getElementById( \"ak_js_1\" ).setAttribute( \"value\", ( new Date() ).getTime() );<\/script><\/p><input type='hidden' class='wpcf7-pum' value='{\"closepopup\":false,\"closedelay\":0,\"openpopup\":false,\"openpopup_id\":0}' \/><div class=\"wpcf7-response-output\" aria-hidden=\"true\"><\/div>\n<\/form>\n<\/div>\n\n<\/div>\n\t\t<\/div>\t\t\t\t<\/div>\n\t\t\t\t<\/div>\n\t\t\t\t\t<\/div>\n\t\t<\/div>\n\t\t\t\t\t<\/div>\n\t\t<\/section>\n\t\t\t\t\t<\/div>\n\t\t<\/div>\n\t\t\t\t\t<\/div>\n\t\t<\/section>\n\t\t\t\t<section class=\"elementor-section elementor-top-section elementor-element elementor-element-66c2db3 elementor-section-full_width elementor-section-height-default elementor-section-height-default\" data-id=\"66c2db3\" data-element_type=\"section\">\n\t\t\t\t\t\t<div class=\"elementor-container elementor-column-gap-default\">\n\t\t\t\t\t<div class=\"elementor-column elementor-col-100 elementor-top-column elementor-element elementor-element-d733d9f\" data-id=\"d733d9f\" data-element_type=\"column\">\n\t\t\t<div class=\"elementor-widget-wrap elementor-element-populated\">\n\t\t\t\t\t\t<section class=\"elementor-section elementor-inner-section elementor-element elementor-element-c7c462e elementor-section-full_width elementor-section-height-default elementor-section-height-default\" data-id=\"c7c462e\" data-element_type=\"section\">\n\t\t\t\t\t\t<div class=\"elementor-container elementor-column-gap-default\">\n\t\t\t\t\t<div class=\"elementor-column elementor-col-50 elementor-inner-column elementor-element elementor-element-397b365\" data-id=\"397b365\" data-element_type=\"column\" data-settings=\"{&quot;background_background&quot;:&quot;classic&quot;}\">\n\t\t\t<div class=\"elementor-widget-wrap elementor-element-populated\">\n\t\t\t\t\t\t<div class=\"elementor-element elementor-element-4909cb6 elementor-widget elementor-widget-text-editor\" data-id=\"4909cb6\" data-element_type=\"widget\" data-widget_type=\"text-editor.default\">\n\t\t\t\t<div class=\"elementor-widget-container\">\n\t\t\t\t\t\t\t\t\t<h2>Prima del trapianto di capelli<\/h2><p>\u2014 Se ci sono medicinali che si usano regolarmente o se si ha una malattia cronica e\/o allergia, \u00e8 necessario ottenere la conferma che \u00e8 possibile eseguire un\u2019operazione di trapianto di capelli dal proprio medico prima di partire;<\/p><p>\u2014 3 giorni prima della partenza non bisogna fumare e n\u00e9 bere, per la circolazione del sangue \u00e8 importante;<\/p><p>\u2014 Il caff\u00e8 non deve essere bevuto il giorno dell\u2019operazione (puoi berlo decaffeinato);<\/p><p>\u2014 Si consiglia di fare una doccia prima di entrare nell\u2019operazione;<\/p><p>\u2014 \u00c8 meglio portare una camicia per il post trapianto, quindi qualcosa che sia largo e facile da mettere; sar\u00e0 pi\u00f9 facile per voi.<\/p>\t\t\t\t\t\t\t\t<\/div>\n\t\t\t\t<\/div>\n\t\t\t\t\t<\/div>\n\t\t<\/div>\n\t\t\t\t<div class=\"elementor-column elementor-col-50 elementor-inner-column elementor-element elementor-element-63435c2\" data-id=\"63435c2\" data-element_type=\"column\" data-settings=\"{&quot;background_background&quot;:&quot;classic&quot;}\">\n\t\t\t<div class=\"elementor-widget-wrap elementor-element-populated\">\n\t\t\t\t\t\t<div class=\"elementor-element elementor-element-99f18d6 elementor-widget elementor-widget-text-editor\" data-id=\"99f18d6\" data-element_type=\"widget\" data-widget_type=\"text-editor.default\">\n\t\t\t\t<div class=\"elementor-widget-container\">\n\t\t\t\t\t\t\t\t\t<h2>Dopo il trapianto di capelli<\/h2><p>\u2014 Il primo lavaggio viene effettuato dopo 2 giorni post trapianto;<br \/>\u2014 Si pu\u00f2 andare al mare dopo 2 settimane, ed in piscina dopo 1 mese;<br \/>\u2014 Si pu\u00f2 fare sport (palestra) dopo 2 settimane;<br \/>\u2013 Soprattutto per i primi 3 giorni, bere molta acqua per la circolazione del sangue \u00e8 molto importante.<br \/>\u2013 Si possono tagliare i capelli con le forbici dopo 1 mese dal trapianto e con il rasoio dopo 3 mesi;<br \/>\u2013 Non si possono utilizzare cappelli per le prime due settimane;<br \/>\u2013 Si possono utilizzare prodotti per i capelli (come lacca, spray, etc.) dopo 1 anno dal trapianto.<\/p>\t\t\t\t\t\t\t\t<\/div>\n\t\t\t\t<\/div>\n\t\t\t\t\t<\/div>\n\t\t<\/div>\n\t\t\t\t\t<\/div>\n\t\t<\/section>\n\t\t\t\t\t<\/div>\n\t\t<\/div>\n\t\t\t\t\t<\/div>\n\t\t<\/section>\n\t\t\t\t<\/div>\n\t\t","protected":false},"excerpt":{"rendered":"<p>Trapianto di Barba e Baffi Come nel trapianto di capelli, anche prima di iniziare un trapianto di barba e\/o baffi si fa un consulto dettagliato insieme al medico e dopo la pianificazione del tutto si inizia l\u2019operazione. Anche nel trapianto di barba e baffi l\u2019estrazione verr\u00e0 effettuato facendo l\u2019estrazione dalla zona donatrice della testa, per&hellip;&nbsp;<a href=\"https:\/\/www.activehairclinic.com\/it\/trapianto-di-barba-e-baffi\/\" rel=\"bookmark\">Leggi tutto &raquo;<span class=\"screen-reader-text\">Trapianto di Barba e Baffi<\/span><\/a><\/p>\n","protected":false},"author":1,"featured_media":0,"parent":0,"menu_order":0,"comment_status":"closed","ping_status":"closed","template":"page-templates\/template-pagebuilder-full-width.php","meta":{"neve_meta_sidebar":"full-width","neve_meta_container":"","neve_meta_enable_content_width":"on","neve_meta_content_width":100,"neve_meta_title_alignment":"","neve_meta_author_avatar":"","neve_post_elements_order":"","neve_meta_disable_header":"","neve_meta_disable_footer":"","neve_meta_disable_title":"","footnotes":""},"class_list":["post-4398","page","type-page","status-publish","hentry"],"aioseo_notices":[],"_links":{"self":[{"href":"https:\/\/www.activehairclinic.com\/it\/wp-json\/wp\/v2\/pages\/4398","targetHints":{"allow":["GET"]}}],"collection":[{"href":"https:\/\/www.activehairclinic.com\/it\/wp-json\/wp\/v2\/pages"}],"about":[{"href":"https:\/\/www.activehairclinic.com\/it\/wp-json\/wp\/v2\/types\/page"}],"author":[{"embeddable":true,"href":"https:\/\/www.activehairclinic.com\/it\/wp-json\/wp\/v2\/users\/1"}],"replies":[{"embeddable":true,"href":"https:\/\/www.activehairclinic.com\/it\/wp-json\/wp\/v2\/comments?post=4398"}],"version-history":[{"count":0,"href":"https:\/\/www.activehairclinic.com\/it\/wp-json\/wp\/v2\/pages\/4398\/revisions"}],"wp:attachment":[{"href":"https:\/\/www.activehairclinic.com\/it\/wp-json\/wp\/v2\/media?parent=4398"}],"curies":[{"name":"wp","href":"https:\/\/api.w.org\/{rel}","templated":true}]}}