{"id":4396,"date":"2020-09-29T16:01:03","date_gmt":"2020-09-29T13:01:03","guid":{"rendered":"https:\/\/www.activehairclinic.com\/?page_id=4396"},"modified":"2026-01-22T13:19:14","modified_gmt":"2026-01-22T10:19:14","slug":"chi-siamo","status":"publish","type":"page","link":"https:\/\/www.activehairclinic.com\/it\/chi-siamo\/","title":{"rendered":"Chi Siamo"},"content":{"rendered":"\t\t<div data-elementor-type=\"wp-page\" data-elementor-id=\"4396\" class=\"elementor elementor-4396\">\n\t\t\t\t\t\t<section class=\"elementor-section elementor-top-section elementor-element elementor-element-3bf2697 elementor-section-boxed elementor-section-height-default elementor-section-height-default\" data-id=\"3bf2697\" data-element_type=\"section\">\n\t\t\t\t\t\t<div class=\"elementor-container elementor-column-gap-default\">\n\t\t\t\t\t<div class=\"elementor-column elementor-col-100 elementor-top-column elementor-element elementor-element-0579dde\" data-id=\"0579dde\" data-element_type=\"column\">\n\t\t\t<div class=\"elementor-widget-wrap elementor-element-populated\">\n\t\t\t\t\t\t<section class=\"elementor-section elementor-inner-section elementor-element elementor-element-6bb55ca elementor-section-boxed elementor-section-height-default elementor-section-height-default\" data-id=\"6bb55ca\" data-element_type=\"section\">\n\t\t\t\t\t\t<div class=\"elementor-container elementor-column-gap-default\">\n\t\t\t\t\t<div class=\"elementor-column elementor-col-50 elementor-inner-column elementor-element elementor-element-b8b3e9a\" data-id=\"b8b3e9a\" data-element_type=\"column\">\n\t\t\t<div class=\"elementor-widget-wrap elementor-element-populated\">\n\t\t\t\t\t\t<div class=\"elementor-element elementor-element-fa1ba6a elementor-widget elementor-widget-image\" data-id=\"fa1ba6a\" data-element_type=\"widget\" data-widget_type=\"image.default\">\n\t\t\t\t<div class=\"elementor-widget-container\">\n\t\t\t\t\t\t\t\t\t\t\t\t\t\t\t<img fetchpriority=\"high\" decoding=\"async\" width=\"1412\" height=\"966\" src=\"https:\/\/www.activehairclinic.com\/wp-content\/uploads\/2026\/01\/Ekran-Resmi-2026-01-22-13.15.19.png\" class=\"attachment-full size-full wp-image-6302\" alt=\"\" srcset=\"https:\/\/www.activehairclinic.com\/wp-content\/uploads\/2026\/01\/Ekran-Resmi-2026-01-22-13.15.19.png 1412w, https:\/\/www.activehairclinic.com\/wp-content\/uploads\/2026\/01\/Ekran-Resmi-2026-01-22-13.15.19-300x205.png 300w, https:\/\/www.activehairclinic.com\/wp-content\/uploads\/2026\/01\/Ekran-Resmi-2026-01-22-13.15.19-1024x701.png 1024w, https:\/\/www.activehairclinic.com\/wp-content\/uploads\/2026\/01\/Ekran-Resmi-2026-01-22-13.15.19-768x525.png 768w\" sizes=\"(max-width: 1412px) 100vw, 1412px\" \/>\t\t\t\t\t\t\t\t\t\t\t\t\t\t\t<\/div>\n\t\t\t\t<\/div>\n\t\t\t\t\t<\/div>\n\t\t<\/div>\n\t\t\t\t<div class=\"elementor-column elementor-col-50 elementor-inner-column elementor-element elementor-element-174d638\" data-id=\"174d638\" data-element_type=\"column\" data-settings=\"{&quot;background_background&quot;:&quot;classic&quot;}\">\n\t\t\t<div class=\"elementor-widget-wrap elementor-element-populated\">\n\t\t\t\t\t\t<div class=\"elementor-element elementor-element-a3e0283 elementor-widget elementor-widget-text-editor\" data-id=\"a3e0283\" data-element_type=\"widget\" data-widget_type=\"text-editor.default\">\n\t\t\t\t<div class=\"elementor-widget-container\">\n\t\t\t\t\t\t\t\t\t<p>Active Hair Clinic \u00e8 stata fondata nel 2010 ed \u00e8 dotata di tutte le infrastrutture tecnologiche richieste dalla medicina moderna, con l\u2019obiettivo di offrire il miglior servizio di eccellente qualit\u00e0 ai pazienti provenienti da tutti i paesi del mondo. Tutti gli interventi vengono effettuati sotto la supervisione dei nostri medici con almeno 10 anni di esperienza e dal nostro staff professionale specializzato sul campo. Active Hair Clinic \u00e8 una delle cliniche della Active Medical Center che \u00e8 stata fondata 20 anni fa, ed \u00e8 costituita da 2 ospedali generali e 3 cliniche private con pi\u00f9 di 800 persone in essi occupate.<\/p>\t\t\t\t\t\t\t\t<\/div>\n\t\t\t\t<\/div>\n\t\t\t\t\t<\/div>\n\t\t<\/div>\n\t\t\t\t\t<\/div>\n\t\t<\/section>\n\t\t\t\t\t<\/div>\n\t\t<\/div>\n\t\t\t\t\t<\/div>\n\t\t<\/section>\n\t\t\t\t<\/div>\n\t\t","protected":false},"excerpt":{"rendered":"<p>Active Hair Clinic \u00e8 stata fondata nel 2010 ed \u00e8 dotata di tutte le infrastrutture tecnologiche richieste dalla medicina moderna, con l\u2019obiettivo di offrire il miglior servizio di eccellente qualit\u00e0 ai pazienti provenienti da tutti i paesi del mondo. Tutti gli interventi vengono effettuati sotto la supervisione dei nostri medici con almeno 10 anni di&hellip;&nbsp;<a href=\"https:\/\/www.activehairclinic.com\/it\/chi-siamo\/\" rel=\"bookmark\">Leggi tutto &raquo;<span class=\"screen-reader-text\">Chi Siamo<\/span><\/a><\/p>\n","protected":false},"author":1,"featured_media":0,"parent":0,"menu_order":0,"comment_status":"closed","ping_status":"closed","template":"","meta":{"neve_meta_sidebar":"full-width","neve_meta_container":"","neve_meta_enable_content_width":"on","neve_meta_content_width":100,"neve_meta_title_alignment":"","neve_meta_author_avatar":"","neve_post_elements_order":"","neve_meta_disable_header":"","neve_meta_disable_footer":"","neve_meta_disable_title":"","footnotes":""},"class_list":["post-4396","page","type-page","status-publish","hentry"],"aioseo_notices":[],"_links":{"self":[{"href":"https:\/\/www.activehairclinic.com\/it\/wp-json\/wp\/v2\/pages\/4396","targetHints":{"allow":["GET"]}}],"collection":[{"href":"https:\/\/www.activehairclinic.com\/it\/wp-json\/wp\/v2\/pages"}],"about":[{"href":"https:\/\/www.activehairclinic.com\/it\/wp-json\/wp\/v2\/types\/page"}],"author":[{"embeddable":true,"href":"https:\/\/www.activehairclinic.com\/it\/wp-json\/wp\/v2\/users\/1"}],"replies":[{"embeddable":true,"href":"https:\/\/www.activehairclinic.com\/it\/wp-json\/wp\/v2\/comments?post=4396"}],"version-history":[{"count":3,"href":"https:\/\/www.activehairclinic.com\/it\/wp-json\/wp\/v2\/pages\/4396\/revisions"}],"predecessor-version":[{"id":6307,"href":"https:\/\/www.activehairclinic.com\/it\/wp-json\/wp\/v2\/pages\/4396\/revisions\/6307"}],"wp:attachment":[{"href":"https:\/\/www.activehairclinic.com\/it\/wp-json\/wp\/v2\/media?parent=4396"}],"curies":[{"name":"wp","href":"https:\/\/api.w.org\/{rel}","templated":true}]}}